{"id":64,"date":"2024-11-22T12:44:54","date_gmt":"2024-11-22T12:44:54","guid":{"rendered":"https:\/\/loomesta.migomedia.dk\/?post_type=product&#038;p=64"},"modified":"2024-11-22T12:51:52","modified_gmt":"2024-11-22T12:51:52","slug":"attraction-moderne-design-taeppe","status":"publish","type":"product","link":"https:\/\/loomesta.migomedia.dk\/index.php\/vare\/attraction-moderne-design-taeppe\/","title":{"rendered":"Attraction &#8211; Moderne design t\u00e6ppe"},"content":{"rendered":"<p>Attraction er h\u00e5ndknyttet og fremstillet af ren viskose. Viskosen fremh\u00e6ver farverne og giver t\u00e6ppet en skinnende overflade. Disse t\u00e6pper er h\u00e5ndknyttet med 100 knuder per kvadrattomme, hvilket g\u00f8r dem utroligt slidst\u00e6rke. Attraction bliver fremstillet i Indien af lokale, h\u00f8jt specialiserede t\u00e6ppeknyttere, som arbejder med stor dedikation og pr\u00e6cision.<\/p>\n","protected":false},"excerpt":{"rendered":"<p>Attraction er h\u00e5ndknyttet og fremstillet af ren viskose. Viskosen fremh\u00e6ver farverne og giver t\u00e6ppet en skinnende overflade. Disse t\u00e6pper er h\u00e5ndknyttet med 100 knuder per kvadrattomme, hvilket g\u00f8r dem utroligt slidst\u00e6rke. Attraction bliver fremstillet i Indien af lokale, h\u00f8jt specialiserede t\u00e6ppeknyttere, som arbejder med stor dedikation og pr\u00e6cision.<\/p>\n","protected":false},"featured_media":68,"template":"","meta":[],"product_cat":[19],"product_tag":[],"class_list":{"0":"post-64","1":"product","2":"type-product","3":"status-publish","4":"has-post-thumbnail","6":"product_cat-moderne-taepper","8":"first","9":"instock","10":"shipping-taxable","11":"purchasable","12":"product-type-variable","13":"has-default-attributes"},"_links":{"self":[{"href":"https:\/\/loomesta.migomedia.dk\/index.php\/wp-json\/wp\/v2\/product\/64","targetHints":{"allow":["GET"]}}],"collection":[{"href":"https:\/\/loomesta.migomedia.dk\/index.php\/wp-json\/wp\/v2\/product"}],"about":[{"href":"https:\/\/loomesta.migomedia.dk\/index.php\/wp-json\/wp\/v2\/types\/product"}],"wp:featuredmedia":[{"embeddable":true,"href":"https:\/\/loomesta.migomedia.dk\/index.php\/wp-json\/wp\/v2\/media\/68"}],"wp:attachment":[{"href":"https:\/\/loomesta.migomedia.dk\/index.php\/wp-json\/wp\/v2\/media?parent=64"}],"wp:term":[{"taxonomy":"product_cat","embeddable":true,"href":"https:\/\/loomesta.migomedia.dk\/index.php\/wp-json\/wp\/v2\/product_cat?post=64"},{"taxonomy":"product_tag","embeddable":true,"href":"https:\/\/loomesta.migomedia.dk\/index.php\/wp-json\/wp\/v2\/product_tag?post=64"}],"curies":[{"name":"wp","href":"https:\/\/api.w.org\/{rel}","templated":true}]}}